{"id":601,"date":"2021-02-15T07:59:34","date_gmt":"2021-02-15T06:59:34","guid":{"rendered":"https:\/\/www.nowture.bio\/?page_id=601"},"modified":"2021-02-16T13:14:59","modified_gmt":"2021-02-16T12:14:59","slug":"press","status":"publish","type":"page","link":"https:\/\/www.nowture.bio\/en\/press\/","title":{"rendered":"Press"},"content":{"rendered":"<div id='av_section_1'  class='avia-section main_color avia-section-default avia-no-border-styling  avia-bg-style-scroll  avia-builder-el-0  el_before_av_section  avia-builder-el-first   av-minimum-height av-minimum-height-25  container_wrap fullsize' style='background-color: #183059;  '   data-av_minimum_height_pc='25'><div class='container' ><main  role=\"main\" itemprop=\"mainContentOfPage\"  class='template-page content  av-content-full alpha units'><div class='post-entry post-entry-type-page post-entry-601'><div class='entry-content-wrapper clearfix'>\n<section class=\"av_textblock_section \"  itemscope=\"itemscope\" itemtype=\"https:\/\/schema.org\/CreativeWork\" ><div class='avia_textblock  av_inherit_color '  style='color:#ffffff; '  itemprop=\"text\" ><h1 style=\"text-align: center;\">Press<\/h1>\n<\/div><\/section>\n\n<\/div><\/div><\/main><!-- close content main element --><\/div><\/div><div id='somosnowture'  class='avia-section main_color avia-section-default avia-no-border-styling  avia-bg-style-scroll  avia-builder-el-2  el_after_av_section  el_before_av_hr   container_wrap fullsize' style=' '  ><div class='container' ><div class='template-page content  av-content-full alpha units'><div class='post-entry post-entry-type-page post-entry-601'><div class='entry-content-wrapper clearfix'>\n<div class='flex_column_table av-equal-height-column-flextable -flextable' style='margin-top:80px; margin-bottom:0px; '><div class=\"flex_column av_one_third  flex_column_table_cell av-equal-height-column av-align-top first  avia-builder-el-3  el_before_av_one_third  avia-builder-el-first  \" style='padding:50px 0px 0px 0px ; border-radius:0px; '><p><div  class='avia-image-container  av-styling-no-styling    avia-builder-el-4  el_before_av_hr  avia-builder-el-first  avia-align-center '  itemprop=\"image\" itemscope=\"itemscope\" itemtype=\"https:\/\/schema.org\/ImageObject\"  ><div class='avia-image-container-inner'><div class='avia-image-overlay-wrap'><img class='wp-image-640 avia-img-lazy-loading-not-640 avia_image' src=\"https:\/\/www.nowture.bio\/wp-content\/uploads\/2021\/02\/Neurofix-incorpora-a-Mario-Grande-como-consejero-delegado.jpg\" alt='' title='Neurofix-incorpora-a-Mario-Grande-como-consejero-delegado' height=\"300\" width=\"500\"  itemprop=\"thumbnailUrl\" srcset=\"https:\/\/www.nowture.bio\/wp-content\/uploads\/2021\/02\/Neurofix-incorpora-a-Mario-Grande-como-consejero-delegado.jpg 500w, https:\/\/www.nowture.bio\/wp-content\/uploads\/2021\/02\/Neurofix-incorpora-a-Mario-Grande-como-consejero-delegado-300x180.jpg 300w\" sizes=\"(max-width: 500px) 100vw, 500px\" \/><\/div><\/div><\/div><br \/>\n<div  style='height:30px' class='hr hr-invisible   avia-builder-el-5  el_after_av_image  el_before_av_textblock '><span class='hr-inner ' ><span class='hr-inner-style'><\/span><\/span><\/div><br \/>\n<section class=\"av_textblock_section \"  itemscope=\"itemscope\" itemtype=\"https:\/\/schema.org\/CreativeWork\" ><div class='avia_textblock  '   itemprop=\"text\" ><h3>wkejdqkwebd<\/h3>\n<\/div><\/section><br \/>\n<div  style='height:15px' class='hr hr-invisible   avia-builder-el-7  el_after_av_textblock  el_before_av_textblock '><span class='hr-inner ' ><span class='hr-inner-style'><\/span><\/span><\/div><br \/>\n<section class=\"av_textblock_section \"  itemscope=\"itemscope\" itemtype=\"https:\/\/schema.org\/CreativeWork\" ><div class='avia_textblock  '   itemprop=\"text\" ><p><a href=\"https:\/\/www.idealista.com\/inmueble\/92856819\/\">Traducci\u00f3n al ingl\u00e9s<\/a><\/p>\n<\/div><\/section><\/p><\/div><div class='av-flex-placeholder'><\/div><div class=\"flex_column av_one_third  flex_column_table_cell av-equal-height-column av-align-top   avia-builder-el-9  el_after_av_one_third  el_before_av_one_third  \" style='padding:50px 0px 0px 0px ; border-radius:0px; '><p><div  class='avia-image-container  av-styling-no-styling    avia-builder-el-10  el_before_av_hr  avia-builder-el-first  avia-align-center '  itemprop=\"image\" itemscope=\"itemscope\" itemtype=\"https:\/\/schema.org\/ImageObject\"  ><div class='avia-image-container-inner'><div class='avia-image-overlay-wrap'><img class='wp-image-640 avia-img-lazy-loading-not-640 avia_image' src=\"https:\/\/www.nowture.bio\/wp-content\/uploads\/2021\/02\/Neurofix-incorpora-a-Mario-Grande-como-consejero-delegado.jpg\" alt='' title='Neurofix-incorpora-a-Mario-Grande-como-consejero-delegado' height=\"300\" width=\"500\"  itemprop=\"thumbnailUrl\" srcset=\"https:\/\/www.nowture.bio\/wp-content\/uploads\/2021\/02\/Neurofix-incorpora-a-Mario-Grande-como-consejero-delegado.jpg 500w, https:\/\/www.nowture.bio\/wp-content\/uploads\/2021\/02\/Neurofix-incorpora-a-Mario-Grande-como-consejero-delegado-300x180.jpg 300w\" sizes=\"(max-width: 500px) 100vw, 500px\" \/><\/div><\/div><\/div><br \/>\n<div  style='height:30px' class='hr hr-invisible   avia-builder-el-11  el_after_av_image  el_before_av_textblock '><span class='hr-inner ' ><span class='hr-inner-style'><\/span><\/span><\/div><br \/>\n<section class=\"av_textblock_section \"  itemscope=\"itemscope\" itemtype=\"https:\/\/schema.org\/CreativeWork\" ><div class='avia_textblock  '   itemprop=\"text\" ><h3>wkejdqkwebd<\/h3>\n<\/div><\/section><br \/>\n<div  style='height:15px' class='hr hr-invisible   avia-builder-el-13  el_after_av_textblock  el_before_av_textblock '><span class='hr-inner ' ><span class='hr-inner-style'><\/span><\/span><\/div><br \/>\n<section class=\"av_textblock_section \"  itemscope=\"itemscope\" itemtype=\"https:\/\/schema.org\/CreativeWork\" ><div class='avia_textblock  '   itemprop=\"text\" ><p><a href=\"https:\/\/www.idealista.com\/inmueble\/92856819\/\">Traducci\u00f3n al ingl\u00e9s<\/a><\/p>\n<\/div><\/section><\/p><\/div><div class='av-flex-placeholder'><\/div><div class=\"flex_column av_one_third  flex_column_table_cell av-equal-height-column av-align-top   avia-builder-el-15  el_after_av_one_third  el_before_av_one_third  \" style='padding:50px 0px 0px 0px ; border-radius:0px; '><p><div  class='avia-image-container  av-styling-no-styling    avia-builder-el-16  el_before_av_hr  avia-builder-el-first  avia-align-center '  itemprop=\"image\" itemscope=\"itemscope\" itemtype=\"https:\/\/schema.org\/ImageObject\"  ><div class='avia-image-container-inner'><div class='avia-image-overlay-wrap'><img class='wp-image-650 avia-img-lazy-loading-not-650 avia_image' src=\"https:\/\/www.nowture.bio\/wp-content\/uploads\/2021\/02\/Laminar-Pharma-copia.jpg\" alt='' title='Laminar-Pharma copia' height=\"300\" width=\"500\"  itemprop=\"thumbnailUrl\" srcset=\"https:\/\/www.nowture.bio\/wp-content\/uploads\/2021\/02\/Laminar-Pharma-copia.jpg 500w, https:\/\/www.nowture.bio\/wp-content\/uploads\/2021\/02\/Laminar-Pharma-copia-300x180.jpg 300w\" sizes=\"(max-width: 500px) 100vw, 500px\" \/><\/div><\/div><\/div><br \/>\n<div  style='height:30px' class='hr hr-invisible   avia-builder-el-17  el_after_av_image  el_before_av_textblock '><span class='hr-inner ' ><span class='hr-inner-style'><\/span><\/span><\/div><br \/>\n<section class=\"av_textblock_section \"  itemscope=\"itemscope\" itemtype=\"https:\/\/schema.org\/CreativeWork\" ><div class='avia_textblock  '   itemprop=\"text\" ><h3>traducci\u00f3n<\/h3>\n<\/div><\/section><br \/>\n<div  style='height:15px' class='hr hr-invisible   avia-builder-el-19  el_after_av_textblock  el_before_av_textblock '><span class='hr-inner ' ><span class='hr-inner-style'><\/span><\/span><\/div><br \/>\n<section class=\"av_textblock_section \"  itemscope=\"itemscope\" itemtype=\"https:\/\/schema.org\/CreativeWork\" ><div class='avia_textblock  '   itemprop=\"text\" ><p><a href=\"http:\/\/capital-riesgo.es\/en\/articles\/laminar-pharma-supera-el-1-2m-con-su-ltima-ronda-con-fellow-funders\/\">Laminar Pharma, biotecnol\u00f3gica con sede en las Islas Baleares, est\u00e1 cada vez m\u00e1s cerca de iniciar los tr\u00e1mites para solicitar su incorporaci\u00f3n al mercado de pymes en expansi\u00f3n de BME, BME Growth.<\/a><\/p>\n<\/div><\/section><\/p><\/div><\/div><!--close column table wrapper. Autoclose: 1 --><div class='flex_column_table av-equal-height-column-flextable -flextable' style='margin-top:80px; margin-bottom:0px; '><div class=\"flex_column av_one_third  flex_column_table_cell av-equal-height-column av-align-top first  avia-builder-el-21  el_after_av_one_third  el_before_av_one_third  column-top-margin\" style='padding:50px 0px 0px 0px ; border-radius:0px; '><p><div  class='avia-image-container  av-styling-no-styling    avia-builder-el-22  el_before_av_hr  avia-builder-el-first  avia-align-center '  itemprop=\"image\" itemscope=\"itemscope\" itemtype=\"https:\/\/schema.org\/ImageObject\"  ><div class='avia-image-container-inner'><div class='avia-image-overlay-wrap'><img class='wp-image-650 avia-img-lazy-loading-not-650 avia_image' src=\"https:\/\/www.nowture.bio\/wp-content\/uploads\/2021\/02\/Laminar-Pharma-copia.jpg\" alt='' title='Laminar-Pharma copia' height=\"300\" width=\"500\"  itemprop=\"thumbnailUrl\" srcset=\"https:\/\/www.nowture.bio\/wp-content\/uploads\/2021\/02\/Laminar-Pharma-copia.jpg 500w, https:\/\/www.nowture.bio\/wp-content\/uploads\/2021\/02\/Laminar-Pharma-copia-300x180.jpg 300w\" sizes=\"(max-width: 500px) 100vw, 500px\" \/><\/div><\/div><\/div><br \/>\n<div  style='height:30px' class='hr hr-invisible   avia-builder-el-23  el_after_av_image  el_before_av_textblock '><span class='hr-inner ' ><span class='hr-inner-style'><\/span><\/span><\/div><br \/>\n<section class=\"av_textblock_section \"  itemscope=\"itemscope\" itemtype=\"https:\/\/schema.org\/CreativeWork\" ><div class='avia_textblock  '   itemprop=\"text\" ><h3>traducci\u00f3n<\/h3>\n<\/div><\/section><br \/>\n<div  style='height:15px' class='hr hr-invisible   avia-builder-el-25  el_after_av_textblock  el_before_av_textblock '><span class='hr-inner ' ><span class='hr-inner-style'><\/span><\/span><\/div><br \/>\n<section class=\"av_textblock_section \"  itemscope=\"itemscope\" itemtype=\"https:\/\/schema.org\/CreativeWork\" ><div class='avia_textblock  '   itemprop=\"text\" ><p><a href=\"http:\/\/capital-riesgo.es\/en\/articles\/laminar-pharma-supera-el-1-2m-con-su-ltima-ronda-con-fellow-funders\/\">Laminar Pharma, biotecnol\u00f3gica con sede en las Islas Baleares, est\u00e1 cada vez m\u00e1s cerca de iniciar los tr\u00e1mites para solicitar su incorporaci\u00f3n al mercado de pymes en expansi\u00f3n de BME, BME Growth.<\/a><\/p>\n<\/div><\/section><\/p><\/div><div class='av-flex-placeholder'><\/div><div class=\"flex_column av_one_third  flex_column_table_cell av-equal-height-column av-align-top   avia-builder-el-27  el_after_av_one_third  el_before_av_one_third  column-top-margin\" style='padding:50px 0px 0px 0px ; border-radius:0px; '><p><div  class='avia-image-container  av-styling-no-styling    avia-builder-el-28  el_before_av_hr  avia-builder-el-first  avia-align-center '  itemprop=\"image\" itemscope=\"itemscope\" itemtype=\"https:\/\/schema.org\/ImageObject\"  ><div class='avia-image-container-inner'><div class='avia-image-overlay-wrap'><img class='wp-image-605 avia-img-lazy-loading-not-605 avia_image' src=\"https:\/\/www.nowture.bio\/wp-content\/uploads\/2021\/02\/XtartCube-se-convierte-en-Nowture.jpg\" alt='' title='XtartCube-se-convierte-en-Nowture' height=\"300\" width=\"500\"  itemprop=\"thumbnailUrl\" srcset=\"https:\/\/www.nowture.bio\/wp-content\/uploads\/2021\/02\/XtartCube-se-convierte-en-Nowture.jpg 500w, https:\/\/www.nowture.bio\/wp-content\/uploads\/2021\/02\/XtartCube-se-convierte-en-Nowture-300x180.jpg 300w\" sizes=\"(max-width: 500px) 100vw, 500px\" \/><\/div><\/div><\/div><br \/>\n<div  style='height:30px' class='hr hr-invisible   avia-builder-el-29  el_after_av_image  el_before_av_textblock '><span class='hr-inner ' ><span class='hr-inner-style'><\/span><\/span><\/div><br \/>\n<section class=\"av_textblock_section \"  itemscope=\"itemscope\" itemtype=\"https:\/\/schema.org\/CreativeWork\" ><div class='avia_textblock  '   itemprop=\"text\" ><h3>traducci\u00f3n<\/h3>\n<\/div><\/section><br \/>\n<div  style='height:15px' class='hr hr-invisible   avia-builder-el-31  el_after_av_textblock  el_before_av_textblock '><span class='hr-inner ' ><span class='hr-inner-style'><\/span><\/span><\/div><br \/>\n<section class=\"av_textblock_section \"  itemscope=\"itemscope\" itemtype=\"https:\/\/schema.org\/CreativeWork\" ><div class='avia_textblock  '   itemprop=\"text\" ><p><a href=\"http:\/\/capital-riesgo.es\/en\/articles\/laminar-pharma-supera-el-1-2m-con-su-ltima-ronda-con-fellow-funders\/\">Laminar Pharma, biotecnol\u00f3gica con sede en las Islas Baleares, est\u00e1 cada vez m\u00e1s cerca de iniciar los tr\u00e1mites para solicitar su incorporaci\u00f3n al mercado de pymes en expansi\u00f3n de BME, BME Growth.<\/a><\/p>\n<\/div><\/section><\/p><\/div><div class='av-flex-placeholder'><\/div><div class=\"flex_column av_one_third  flex_column_table_cell av-equal-height-column av-align-top   avia-builder-el-33  el_after_av_one_third  avia-builder-el-last  column-top-margin\" style='padding:50px 0px 0px 0px ; border-radius:0px; '><\/div><\/div><!--close column table wrapper. Autoclose: 1 --><\/div><\/div><\/div><!-- close content main div --><\/div><\/div><div id='after_section_2'  class='main_color av_default_container_wrap container_wrap fullsize' style=' '  ><div class='container' ><div class='template-page content  av-content-full alpha units'><div class='post-entry post-entry-type-page post-entry-601'><div class='entry-content-wrapper clearfix'><div  style='height:150px' class='hr hr-invisible   avia-builder-el-34  el_after_av_section  avia-builder-el-no-sibling '><span class='hr-inner ' ><span class='hr-inner-style'><\/span><\/span><\/div>\n","protected":false},"excerpt":{"rendered":"","protected":false},"author":1,"featured_media":0,"parent":0,"menu_order":0,"comment_status":"closed","ping_status":"closed","template":"","meta":[],"_links":{"self":[{"href":"https:\/\/www.nowture.bio\/en\/wp-json\/wp\/v2\/pages\/601"}],"collection":[{"href":"https:\/\/www.nowture.bio\/en\/wp-json\/wp\/v2\/pages"}],"about":[{"href":"https:\/\/www.nowture.bio\/en\/wp-json\/wp\/v2\/types\/page"}],"author":[{"embeddable":true,"href":"https:\/\/www.nowture.bio\/en\/wp-json\/wp\/v2\/users\/1"}],"replies":[{"embeddable":true,"href":"https:\/\/www.nowture.bio\/en\/wp-json\/wp\/v2\/comments?post=601"}],"version-history":[{"count":9,"href":"https:\/\/www.nowture.bio\/en\/wp-json\/wp\/v2\/pages\/601\/revisions"}],"predecessor-version":[{"id":811,"href":"https:\/\/www.nowture.bio\/en\/wp-json\/wp\/v2\/pages\/601\/revisions\/811"}],"wp:attachment":[{"href":"https:\/\/www.nowture.bio\/en\/wp-json\/wp\/v2\/media?parent=601"}],"curies":[{"name":"wp","href":"https:\/\/api.w.org\/{rel}","templated":true}]}}