{"id":778,"date":"2021-02-23T22:51:20","date_gmt":"2021-02-23T21:51:20","guid":{"rendered":"https:\/\/www.nowture.bio\/?page_id=778"},"modified":"2021-10-22T10:37:27","modified_gmt":"2021-10-22T08:37:27","slug":"press-releases","status":"publish","type":"page","link":"https:\/\/www.nowture.bio\/en\/press-releases\/","title":{"rendered":"Press releases"},"content":{"rendered":"<div id='av_section_1'  class='avia-section main_color avia-section-default avia-no-border-styling  avia-bg-style-scroll  avia-builder-el-0  el_before_av_section  avia-builder-el-first   av-minimum-height av-minimum-height-25  container_wrap fullsize' style='background-color: #183059;  '   data-av_minimum_height_pc='25'><div class='container' ><main  role=\"main\" itemprop=\"mainContentOfPage\"  class='template-page content  av-content-full alpha units'><div class='post-entry post-entry-type-page post-entry-778'><div class='entry-content-wrapper clearfix'>\n<section class=\"av_textblock_section \"  itemscope=\"itemscope\" itemtype=\"https:\/\/schema.org\/CreativeWork\" ><div class='avia_textblock  av_inherit_color '  style='color:#ffffff; '  itemprop=\"text\" ><h1 style=\"text-align: center;\">Press releases<\/h1>\n<\/div><\/section>\n\n<\/div><\/div><\/main><!-- close content main element --><\/div><\/div><div id='somosnowture'  class='avia-section main_color avia-section-default avia-no-border-styling  avia-bg-style-scroll  avia-builder-el-2  el_after_av_section  el_before_av_hr   container_wrap fullsize' style=' '  ><div class='container' ><div class='template-page content  av-content-full alpha units'><div class='post-entry post-entry-type-page post-entry-778'><div class='entry-content-wrapper clearfix'>\n<div class='flex_column_table av-equal-height-column-flextable -flextable' style='margin-top:80px; margin-bottom:0px; '><div class=\"flex_column av_one_third  flex_column_table_cell av-equal-height-column av-align-top first  avia-builder-el-3  el_before_av_one_third  avia-builder-el-first  \" style='padding:50px 0px 0px 0px ; border-radius:0px; '><p><div  class='avia-image-container  av-styling-no-styling    avia-builder-el-4  el_before_av_hr  avia-builder-el-first  avia-align-center '  itemprop=\"image\" itemscope=\"itemscope\" itemtype=\"https:\/\/schema.org\/ImageObject\"  ><div class='avia-image-container-inner'><div class='avia-image-overlay-wrap'><img class='wp-image-1433 avia-img-lazy-loading-not-1433 avia_image' src=\"https:\/\/www.nowture.bio\/wp-content\/uploads\/2021\/10\/211021-firma-nowture_xl-300x200.jpeg\" alt='' title='211021-firma-nowture_xl' height=\"200\" width=\"300\"  itemprop=\"thumbnailUrl\" srcset=\"https:\/\/www.nowture.bio\/wp-content\/uploads\/2021\/10\/211021-firma-nowture_xl-300x200.jpeg 300w, https:\/\/www.nowture.bio\/wp-content\/uploads\/2021\/10\/211021-firma-nowture_xl-1030x687.jpeg 1030w, https:\/\/www.nowture.bio\/wp-content\/uploads\/2021\/10\/211021-firma-nowture_xl-768x512.jpeg 768w, https:\/\/www.nowture.bio\/wp-content\/uploads\/2021\/10\/211021-firma-nowture_xl-705x470.jpeg 705w, https:\/\/www.nowture.bio\/wp-content\/uploads\/2021\/10\/211021-firma-nowture_xl.jpeg 1200w\" sizes=\"(max-width: 300px) 100vw, 300px\" \/><\/div><\/div><\/div><br \/>\n<div  style='height:30px' class='hr hr-invisible   avia-builder-el-5  el_after_av_image  el_before_av_textblock '><span class='hr-inner ' ><span class='hr-inner-style'><\/span><\/span><\/div><br \/>\n<section class=\"av_textblock_section \"  itemscope=\"itemscope\" itemtype=\"https:\/\/schema.org\/CreativeWork\" ><div class='avia_textblock  '   itemprop=\"text\" ><h3><a href=\"https:\/\/www.nowture.bio\/wp-content\/uploads\/2021\/10\/211021-Nowture-colabora-con-el-PCUMH.pdf\">Acuerdo entre Nowture y el Parque Cient\u00edfico de la Universidad Miguel Hern\u00e1ndez para impulsar el sector biotecnol\u00f3gico<\/a><\/h3>\n<\/div><\/section><br \/>\n<div  style='height:15px' class='hr hr-invisible   avia-builder-el-7  el_after_av_textblock  el_before_av_textblock '><span class='hr-inner ' ><span class='hr-inner-style'><\/span><\/span><\/div><br \/>\n<section class=\"av_textblock_section \"  itemscope=\"itemscope\" itemtype=\"https:\/\/schema.org\/CreativeWork\" ><div class='avia_textblock  '   itemprop=\"text\" ><p>Promover el desarrollo de proyectos y empresas en el sector bio es el objetivo del convenio que han firmado esta ma\u00f1ana Nowture y el Parque Cient\u00edfico de la Universidad Miguel Hern\u00e1ndez (UMH) de Elche.<\/p>\n<\/div><\/section><\/p><\/div><div class='av-flex-placeholder'><\/div><div class=\"flex_column av_one_third  flex_column_table_cell av-equal-height-column av-align-top   avia-builder-el-9  el_after_av_one_third  el_before_av_one_third  \" style='padding:50px 0px 0px 0px ; border-radius:0px; '><p><div  class='avia-image-container  av-styling-no-styling    avia-builder-el-10  el_before_av_hr  avia-builder-el-first  avia-align-center '  itemprop=\"image\" itemscope=\"itemscope\" itemtype=\"https:\/\/schema.org\/ImageObject\"  ><div class='avia-image-container-inner'><div class='avia-image-overlay-wrap'><img class='wp-image-758 avia-img-lazy-loading-not-758 avia_image' src=\"https:\/\/www.nowture.bio\/wp-content\/uploads\/2021\/02\/fellow-nowture-300-180.png\" alt='' title='fellow nowture 300 180' height=\"362\" width=\"600\"  itemprop=\"thumbnailUrl\" srcset=\"https:\/\/www.nowture.bio\/wp-content\/uploads\/2021\/02\/fellow-nowture-300-180.png 600w, https:\/\/www.nowture.bio\/wp-content\/uploads\/2021\/02\/fellow-nowture-300-180-300x181.png 300w\" sizes=\"(max-width: 600px) 100vw, 600px\" \/><\/div><\/div><\/div><br \/>\n<div  style='height:30px' class='hr hr-invisible   avia-builder-el-11  el_after_av_image  el_before_av_textblock '><span class='hr-inner ' ><span class='hr-inner-style'><\/span><\/span><\/div><br \/>\n<section class=\"av_textblock_section \"  itemscope=\"itemscope\" itemtype=\"https:\/\/schema.org\/CreativeWork\" ><div class='avia_textblock  '   itemprop=\"text\" ><h3 class=\"entry-title title-90\"><a href=\"https:\/\/www.nowture.bio\/wp-content\/uploads\/2021\/03\/ESP-210224-WEB-NdP-Alianza-Nowture-y-Fellow-Funders-1.pdf\" target=\"_blank\" rel=\"noopener\">Fellow Funders y Nowture cierran una alianza estrat\u00e9gica para llevar la biotecnolog\u00eda a los mercados de capitales<\/a><\/h3>\n<\/div><\/section><br \/>\n<div  style='height:15px' class='hr hr-invisible   avia-builder-el-13  el_after_av_textblock  el_before_av_textblock '><span class='hr-inner ' ><span class='hr-inner-style'><\/span><\/span><\/div><br \/>\n<section class=\"av_textblock_section \"  itemscope=\"itemscope\" itemtype=\"https:\/\/schema.org\/CreativeWork\" ><div class='avia_textblock  '   itemprop=\"text\" ><p>La alianza estrat\u00e9gica entre ambas compa\u00f1\u00edas contempla el lanzamiento, a lo largo del a\u00f1o 2021, del primero de una serie de fondos de inversi\u00f3n para potenciar la industria biotech y life sciences.<\/p>\n<\/div><\/section><\/p><\/div><div class='av-flex-placeholder'><\/div><div class=\"flex_column av_one_third  flex_column_table_cell av-equal-height-column av-align-top   avia-builder-el-15  el_after_av_one_third  el_before_av_one_third  \" style='padding:50px 0px 0px 0px ; border-radius:0px; '><p><div  class='avia-image-container  av-styling-no-styling    avia-builder-el-16  el_before_av_hr  avia-builder-el-first  avia-align-center '  itemprop=\"image\" itemscope=\"itemscope\" itemtype=\"https:\/\/schema.org\/ImageObject\"  ><div class='avia-image-container-inner'><div class='avia-image-overlay-wrap'><img class='wp-image-867 avia-img-lazy-loading-not-867 avia_image' src=\"https:\/\/www.nowture.bio\/wp-content\/uploads\/2021\/03\/Nowture-500x300-1.png\" alt='' title='Nowture 500x300' height=\"301\" width=\"500\"  itemprop=\"thumbnailUrl\" srcset=\"https:\/\/www.nowture.bio\/wp-content\/uploads\/2021\/03\/Nowture-500x300-1.png 500w, https:\/\/www.nowture.bio\/wp-content\/uploads\/2021\/03\/Nowture-500x300-1-300x181.png 300w\" sizes=\"(max-width: 500px) 100vw, 500px\" \/><\/div><\/div><\/div><br \/>\n<div  style='height:30px' class='hr hr-invisible   avia-builder-el-17  el_after_av_image  el_before_av_textblock '><span class='hr-inner ' ><span class='hr-inner-style'><\/span><\/span><\/div><br \/>\n<section class=\"av_textblock_section \"  itemscope=\"itemscope\" itemtype=\"https:\/\/schema.org\/CreativeWork\" ><div class='avia_textblock  '   itemprop=\"text\" ><h3><a href=\"https:\/\/www.nowture.bio\/wp-content\/uploads\/2021\/03\/ESP-201124_NdP_Nace-Nowture_primer-ecosistema-integral_inversion_Biotech.pdf\" target=\"_blank\" rel=\"noopener\">Nace Nowture, primer ecosistema integral de inversi\u00f3n para empresas de Biotech y Life Sciences en Espa\u00f1a<\/a><\/h3>\n<h3 class=\"entry-title title-90\"><\/h3>\n<\/div><\/section><br \/>\n<div  style='height:15px' class='hr hr-invisible   avia-builder-el-19  el_after_av_textblock  el_before_av_textblock '><span class='hr-inner ' ><span class='hr-inner-style'><\/span><\/span><\/div><br \/>\n<section class=\"av_textblock_section \"  itemscope=\"itemscope\" itemtype=\"https:\/\/schema.org\/CreativeWork\" ><div class='avia_textblock  '   itemprop=\"text\" ><p>Su objetivo es impulsar proyectos transformadores en los campos de la Biotecnolog\u00eda, Ciencias de la Vida, Nuevos F\u00e1rmacos y Dispositivos M\u00e9dicos.<\/p>\n<\/div><\/section><\/p><\/div><\/div><!--close column table wrapper. Autoclose: 1 --><div class='flex_column_table av-equal-height-column-flextable -flextable' style='margin-top:80px; margin-bottom:0px; '><div class=\"flex_column av_one_third  flex_column_table_cell av-equal-height-column av-align-top first  avia-builder-el-21  el_after_av_one_third  el_before_av_one_third  column-top-margin\" style='padding:50px 0px 0px 0px ; border-radius:0px; '><p><div  style='height:30px' class='hr hr-invisible   avia-builder-el-22  el_before_av_hr  avia-builder-el-first '><span class='hr-inner ' ><span class='hr-inner-style'><\/span><\/span><\/div><br \/>\n<div  style='height:15px' class='hr hr-invisible   avia-builder-el-23  el_after_av_hr  avia-builder-el-last '><span class='hr-inner ' ><span class='hr-inner-style'><\/span><\/span><\/div><\/p><\/div><div class='av-flex-placeholder'><\/div><div class=\"flex_column av_one_third  flex_column_table_cell av-equal-height-column av-align-top   avia-builder-el-24  el_after_av_one_third  avia-builder-el-last  column-top-margin\" style='padding:50px 0px 0px 0px ; border-radius:0px; '><p><div  style='height:30px' class='hr hr-invisible   avia-builder-el-25  el_before_av_hr  avia-builder-el-first '><span class='hr-inner ' ><span class='hr-inner-style'><\/span><\/span><\/div><br \/>\n<div  style='height:15px' class='hr hr-invisible   avia-builder-el-26  el_after_av_hr  avia-builder-el-last '><span class='hr-inner ' ><span class='hr-inner-style'><\/span><\/span><\/div><\/p><\/div><\/div><!--close column table wrapper. Autoclose: 1 --><\/div><\/div><\/div><!-- close content main div --><\/div><\/div><div id='after_section_2'  class='main_color av_default_container_wrap container_wrap fullsize' style=' '  ><div class='container' ><div class='template-page content  av-content-full alpha units'><div class='post-entry post-entry-type-page post-entry-778'><div class='entry-content-wrapper clearfix'><div  style='height:150px' class='hr hr-invisible   avia-builder-el-27  el_after_av_section  avia-builder-el-no-sibling '><span class='hr-inner ' ><span class='hr-inner-style'><\/span><\/span><\/div>\n","protected":false},"excerpt":{"rendered":"","protected":false},"author":3,"featured_media":0,"parent":0,"menu_order":0,"comment_status":"closed","ping_status":"closed","template":"","meta":[],"_links":{"self":[{"href":"https:\/\/www.nowture.bio\/en\/wp-json\/wp\/v2\/pages\/778"}],"collection":[{"href":"https:\/\/www.nowture.bio\/en\/wp-json\/wp\/v2\/pages"}],"about":[{"href":"https:\/\/www.nowture.bio\/en\/wp-json\/wp\/v2\/types\/page"}],"author":[{"embeddable":true,"href":"https:\/\/www.nowture.bio\/en\/wp-json\/wp\/v2\/users\/3"}],"replies":[{"embeddable":true,"href":"https:\/\/www.nowture.bio\/en\/wp-json\/wp\/v2\/comments?post=778"}],"version-history":[{"count":22,"href":"https:\/\/www.nowture.bio\/en\/wp-json\/wp\/v2\/pages\/778\/revisions"}],"predecessor-version":[{"id":1443,"href":"https:\/\/www.nowture.bio\/en\/wp-json\/wp\/v2\/pages\/778\/revisions\/1443"}],"wp:attachment":[{"href":"https:\/\/www.nowture.bio\/en\/wp-json\/wp\/v2\/media?parent=778"}],"curies":[{"name":"wp","href":"https:\/\/api.w.org\/{rel}","templated":true}]}}