{"id":908,"date":"2021-05-10T18:48:56","date_gmt":"2021-05-10T16:48:56","guid":{"rendered":"https:\/\/www.nowture.bio\/?page_id=908"},"modified":"2021-12-01T12:13:05","modified_gmt":"2021-12-01T11:13:05","slug":"work-with-us","status":"publish","type":"page","link":"https:\/\/www.nowture.bio\/en\/work-with-us\/","title":{"rendered":"Work with us"},"content":{"rendered":"<div id='av_section_1'  class='avia-section main_color avia-section-default avia-no-border-styling  avia-bg-style-scroll  avia-builder-el-0  el_before_av_hr  avia-builder-el-first   av-minimum-height av-minimum-height-25  container_wrap fullsize' style='background-color: #183059;  '   data-av_minimum_height_pc='25'><div class='container' ><main  role=\"main\" itemprop=\"mainContentOfPage\"  class='template-page content  av-content-full alpha units'><div class='post-entry post-entry-type-page post-entry-908'><div class='entry-content-wrapper clearfix'>\n<section class=\"av_textblock_section \"  itemscope=\"itemscope\" itemtype=\"https:\/\/schema.org\/CreativeWork\" ><div class='avia_textblock  av_inherit_color '  style='color:#ffffff; '  itemprop=\"text\" ><h1 style=\"text-align: center;\"><strong>We&#8217;re hiring!<\/strong><\/h1>\n<\/div><\/section>\n<\/div><\/div><\/main><!-- close content main element --><\/div><\/div><div id='after_section_1'  class='main_color av_default_container_wrap container_wrap fullsize' style=' '  ><div class='container' ><div class='template-page content  av-content-full alpha units'><div class='post-entry post-entry-type-page post-entry-908'><div class='entry-content-wrapper clearfix'>\n<div  style='height:50px' class='hr hr-invisible   avia-builder-el-2  el_after_av_section  el_before_av_one_half  avia-builder-el-first '><span class='hr-inner ' ><span class='hr-inner-style'><\/span><\/span><\/div>\n<div class='flex_column_table av-equal-height-column-flextable -flextable' style='margin-top:80px; margin-bottom:0px; '><div class=\"flex_column av_one_half  flex_column_table_cell av-equal-height-column av-align-top first  avia-builder-el-3  el_after_av_hr  el_before_av_one_half  \" style='padding:50px 0px 0px 0px ; border-radius:0px; '><section class=\"av_textblock_section \"  itemscope=\"itemscope\" itemtype=\"https:\/\/schema.org\/CreativeWork\" ><div class='avia_textblock  '   itemprop=\"text\" ><h3 style=\"text-align: center;\"><span style=\"font-family: everett-light; font-size: 18pt;\">Consultor Biotech Equity Research &#8211; <span style=\"color: #800000;\">Closed<\/span><\/span><\/h3>\n<h3><\/h3>\n<\/div><\/section><br \/>\n<div  style='height:30px' class='hr hr-invisible   avia-builder-el-5  el_after_av_textblock  el_before_av_image '><span class='hr-inner ' ><span class='hr-inner-style'><\/span><\/span><\/div><br \/>\n<div  class='avia-image-container  av-styling-no-styling    avia-builder-el-6  el_after_av_hr  el_before_av_hr  avia-align-center '  itemprop=\"image\" itemscope=\"itemscope\" itemtype=\"https:\/\/schema.org\/ImageObject\"  ><div class='avia-image-container-inner'><div class='avia-image-overlay-wrap'><img class='wp-image-1038 avia-img-lazy-loading-not-1038 avia_image' src=\"https:\/\/www.nowture.bio\/wp-content\/uploads\/2021\/05\/leon-Oalh2MojUuk-unsplash-1500x430.jpg\" alt='' title='leon-Oalh2MojUuk-unsplash' height=\"430\" width=\"1500\"  itemprop=\"thumbnailUrl\"  \/><\/div><\/div><\/div><br \/>\n<div  style='height:15px' class='hr hr-invisible   avia-builder-el-7  el_after_av_image  el_before_av_textblock '><span class='hr-inner ' ><span class='hr-inner-style'><\/span><\/span><\/div><br \/>\n<section class=\"av_textblock_section \"  itemscope=\"itemscope\" itemtype=\"https:\/\/schema.org\/CreativeWork\" ><div class='avia_textblock  '   itemprop=\"text\" ><p>Do you know\u2026<\/p>\n<ul>\n<li>Early-stage biotech companies are increasingly going public?<\/li>\n<li>Biotech Research requires specialized knowledge far more so than in any other group?<\/li>\n<li>It\u2019s one of the few areas where profiles who know science can add real value because institutional investors usually do not know the science and do not have medical backgrounds?<\/li>\n<\/ul>\n<p>Biotech Equity Research may be one of the best ways to boost your career. Venture capital and Venture builder careers are a natural fit since they combine finance, entrepreneurship and scientific advancements. Not only you\u2019ll spend time evaluating new technologies and conducting due diligence but also you\u2019ll maximize the value and attractiveness of the projects and companies Nowture works with.<\/p>\n<p>Because at Nowture, we work to boost high potential companies. We integrate them into a specialized ecosystem which provides funding and also technical &amp; business expertise to move these projects forward towards to approval and launch.<\/p>\n<ul>\n<li>We IDENTIFY companies with high innovation potential.<\/li>\n<li>We INVEST in them.<\/li>\n<li>We SUPPORT teams to LEAD companies through development until successful launch of products.<\/li>\n<li>And finally, at Nowture can also define and execute their fundraising strategy guiding these companies to \u201cring the bell\u201d in the international capital markets.<\/li>\n<\/ul>\n<p>Therefore, we are looking for a <strong>Biotech Equity Research Consultant <\/strong>with the following profile to join our team:<\/p>\n<ul>\n<li>Hold a M.D., or other advanced life sciences degree.<\/li>\n<li>Are proficient in english and spanish.<\/li>\n<li>Have excellent analytical, verbal, and written communication skills.<\/li>\n<li>Are familiarized with Excel, accounting, and financial modeling.<\/li>\n<li>Have strong team orientation and attention to detail.<\/li>\n<li>You learned the biotech lingo.<\/li>\n<li>Have 2-4 years of experience in biotech\/pharma\/healthcare.\u00a0Some work experience in finance, investment, consulting, or project management would be valued.<\/li>\n<li>Having worked at a biotech startup or at a company related with life-science innovation as well as PMP \u00ae certification would help.<\/li>\n<li>Your own interest and self-training in this sector would be also recognized!<\/li>\n<\/ul>\n<p>Send us your CV to\u00a0<a href=\"mailto:recruiting@nowture.bio\">recruiting@nowture.bio<\/a><\/p>\n<\/div><\/section><\/p><\/div><div class='av-flex-placeholder'><\/div><div class=\"flex_column av_one_half  flex_column_table_cell av-equal-height-column av-align-top   avia-builder-el-9  el_after_av_one_half  el_before_av_section  avia-builder-el-last  \" style='padding:50px 0px 0px 0px ; border-radius:0px; '><section class=\"av_textblock_section \"  itemscope=\"itemscope\" itemtype=\"https:\/\/schema.org\/CreativeWork\" ><div class='avia_textblock  '   itemprop=\"text\" ><h3 style=\"text-align: center;\"><span style=\"font-family: everett-light;\"><span style=\"font-size: 18pt;\">Send your\u00a0<\/span><span style=\"font-size: 18pt;\">CV<\/span><\/span><\/h3>\n<h3><\/h3>\n<\/div><\/section><br \/>\n<div  style='height:30px' class='hr hr-invisible   avia-builder-el-11  el_after_av_textblock  el_before_av_image '><span class='hr-inner ' ><span class='hr-inner-style'><\/span><\/span><\/div><br \/>\n<div  class='avia-image-container  av-styling-no-styling    avia-builder-el-12  el_after_av_hr  el_before_av_hr  avia-align-center '  itemprop=\"image\" itemscope=\"itemscope\" itemtype=\"https:\/\/schema.org\/ImageObject\"  ><div class='avia-image-container-inner'><div class='avia-image-overlay-wrap'><img class='wp-image-960 avia-img-lazy-loading-not-960 avia_image' src=\"https:\/\/www.nowture.bio\/wp-content\/uploads\/2021\/05\/03-business-1500x430.jpg\" alt='' title='03-business' height=\"430\" width=\"1500\"  itemprop=\"thumbnailUrl\"  \/><\/div><\/div><\/div><br \/>\n<div  style='height:15px' class='hr hr-invisible   avia-builder-el-13  el_after_av_image  el_before_av_textblock '><span class='hr-inner ' ><span class='hr-inner-style'><\/span><\/span><\/div><br \/>\n<section class=\"av_textblock_section \"  itemscope=\"itemscope\" itemtype=\"https:\/\/schema.org\/CreativeWork\" ><div class='avia_textblock  '   itemprop=\"text\" ><p>If the currently open recruitment processes do not fit your profile but your skills and your idea of understanding innovation fit with Nowture&#8217;s philosophy, send us your CV to <a href=\"mailto:recruiting@nowture.bio\">recruiting@nowture.bio<\/a>.<\/p>\n<\/div><\/section><\/p><\/div><\/div><!--close column table wrapper. Autoclose: 1 -->\n<\/div><\/div><\/div><!-- close content main div --><\/div><\/div><div id='somosnowture'  class='avia-section main_color avia-section-default avia-no-border-styling  avia-bg-style-scroll  avia-builder-el-15  el_after_av_one_half  el_before_av_section   container_wrap fullsize' style=' '  ><div class='container' ><div class='template-page content  av-content-full alpha units'><div class='post-entry post-entry-type-page post-entry-908'><div class='entry-content-wrapper clearfix'>\n<div  style='height:40px' class='hr hr-invisible   avia-builder-el-16  el_before_av_one_full  avia-builder-el-first '><span class='hr-inner ' ><span class='hr-inner-style'><\/span><\/span><\/div>\n<div class=\"flex_column av_one_full  flex_column_div av-zero-column-padding first  avia-builder-el-17  el_after_av_hr  el_before_av_hr  \" style='border-radius:0px; '><section class=\"av_textblock_section \"  itemscope=\"itemscope\" itemtype=\"https:\/\/schema.org\/CreativeWork\" ><div class='avia_textblock  av_inherit_color '  style='color:#606060; '  itemprop=\"text\" ><h6><span style=\"font-family: everett-light; font-size: 8pt;\">At NOWTURE S.L. We treat the information you provide us with in order to keep you informed of the different job vacancies that occur in our organization. The data provided will be kept until the award of a job or until you exercise your right of deletion. The data will not be transferred to third parties. You have the right to obtain information about whether NOWTURE S.L. We are treating your personal data, so you can exercise your rights of access, rectification, deletion and portability of data and opposition and limitation to its treatment before NOWTURE SL, ISLA CRISTINA 1 CHALET 1 or at the email address administracion @ nowture. bio, attaching a copy of your ID or equivalent document.<span style=\"font-family: everett-light; font-size: 8pt;\">En NOWTURE S.L. tratamos la informaci\u00f3n que nos facilita con el fin de mantenerle informado de las distintas vacantes a un puesto de trabajo que se produzcan en nuestra organizaci\u00f3n. Los datos proporcionados se conservar\u00e1n hasta la adjudicaci\u00f3n de un puesto de trabajo o hasta que Ud. ejerza su derecho de supresi\u00f3n. Los datos no se ceder\u00e1n a terceros. Usted tiene derecho a obtener informaci\u00f3n sobre si en NOWTURE S.L. estamos tratando sus datos personales, por lo que puede ejercer sus derechos de acceso, rectificaci\u00f3n, supresi\u00f3n y portabilidad de datos y oposici\u00f3n y limitaci\u00f3n a su tratamiento ante NOWTURE S.L., ISLA CRISTINA 1 CHALET 1 o en la direcci\u00f3n de correo electr\u00f3nico administracion@nowture.bio, adjuntando copia de su DNI o documento equivalente.<\/span><\/h6>\n<\/div><\/section><\/div><div  style='height:70px' class='hr hr-invisible   avia-builder-el-19  el_after_av_one_full  avia-builder-el-last '><span class='hr-inner ' ><span class='hr-inner-style'><\/span><\/span><\/div>\n\n<\/div><\/div><\/div><!-- close content main div --><\/div><\/div><div id='av_section_3'  class='avia-section main_color avia-section-default avia-no-border-styling  avia-bg-style-scroll  avia-builder-el-20  el_after_av_section  avia-builder-el-last  footer  container_wrap fullsize' style='background-color: #183059;  '  ><div class='container' ><div class='template-page content  av-content-full alpha units'><div class='post-entry post-entry-type-page post-entry-908'><div class='entry-content-wrapper clearfix'>\n<div  style=' margin-top:0px; margin-bottom:0px;'  class='hr hr-custom hr-center hr-icon-no   avia-builder-el-21  el_before_av_hr  avia-builder-el-first '><span class='hr-inner  inner-border-av-border-thin' style=' width:100%; border-color:#e1ffb3;' ><span class='hr-inner-style'><\/span><\/span><\/div>\n<div  style='height:20px' class='hr hr-invisible   avia-builder-el-22  el_after_av_hr  el_before_av_one_half '><span class='hr-inner ' ><span class='hr-inner-style'><\/span><\/span><\/div>\n<div class=\"flex_column av_one_half  flex_column_div av-zero-column-padding first  avia-builder-el-23  el_after_av_hr  el_before_av_one_half  footer \" style='border-radius:0px; '><section class=\"av_textblock_section \"  itemscope=\"itemscope\" itemtype=\"https:\/\/schema.org\/CreativeWork\" ><div class='avia_textblock  av_inherit_color '  style='font-size:12px; color:#e1ffb3; '  itemprop=\"text\" ><p><a href=\"https:\/\/www.nowture.bio\/en\/legal\/\">Legal advice and privacy policy<\/a> \u2013 <a href=\"https:\/\/www.nowture.bio\/en\/cookies-policy\/\">Cookies policy<\/a><\/p>\n<\/div><\/section><\/div><div class=\"flex_column av_one_half  flex_column_div av-zero-column-padding   avia-builder-el-25  el_after_av_one_half  el_before_av_hr  footer \" style='border-radius:0px; '><section class=\"av_textblock_section \"  itemscope=\"itemscope\" itemtype=\"https:\/\/schema.org\/CreativeWork\" ><div class='avia_textblock copyright av_inherit_color '  style='font-size:12px; color:#e1ffb3; '  itemprop=\"text\" ><p style=\"text-align: right;\">\u00a9 Nowture, 2021<\/p>\n<\/div><\/section><\/div><div  style='height:30px' class='hr hr-invisible   avia-builder-el-27  el_after_av_one_half  avia-builder-el-last '><span class='hr-inner ' ><span class='hr-inner-style'><\/span><\/span><\/div>\n\n","protected":false},"excerpt":{"rendered":"","protected":false},"author":3,"featured_media":0,"parent":0,"menu_order":0,"comment_status":"closed","ping_status":"closed","template":"","meta":[],"_links":{"self":[{"href":"https:\/\/www.nowture.bio\/en\/wp-json\/wp\/v2\/pages\/908"}],"collection":[{"href":"https:\/\/www.nowture.bio\/en\/wp-json\/wp\/v2\/pages"}],"about":[{"href":"https:\/\/www.nowture.bio\/en\/wp-json\/wp\/v2\/types\/page"}],"author":[{"embeddable":true,"href":"https:\/\/www.nowture.bio\/en\/wp-json\/wp\/v2\/users\/3"}],"replies":[{"embeddable":true,"href":"https:\/\/www.nowture.bio\/en\/wp-json\/wp\/v2\/comments?post=908"}],"version-history":[{"count":39,"href":"https:\/\/www.nowture.bio\/en\/wp-json\/wp\/v2\/pages\/908\/revisions"}],"predecessor-version":[{"id":1464,"href":"https:\/\/www.nowture.bio\/en\/wp-json\/wp\/v2\/pages\/908\/revisions\/1464"}],"wp:attachment":[{"href":"https:\/\/www.nowture.bio\/en\/wp-json\/wp\/v2\/media?parent=908"}],"curies":[{"name":"wp","href":"https:\/\/api.w.org\/{rel}","templated":true}]}}